{"id":10,"date":"2016-11-28T17:18:39","date_gmt":"2016-11-28T17:18:39","guid":{"rendered":"http:\/\/higienegenitalfeminina.com.br\/teste\/?page_id=10"},"modified":"2016-11-29T11:39:47","modified_gmt":"2016-11-29T11:39:47","slug":"depoimentos","status":"publish","type":"page","link":"https:\/\/higienegenitalfeminina.com.br\/index.php\/depoimentos\/","title":{"rendered":"DEPOIMENTOS"},"content":{"rendered":"<div id=\"dslc-theme-content\"><div id=\"dslc-theme-content-inner\"><div id=\"dslc-main\">\n<div  class=\"dslc-modules-section \" style=\"padding-bottom:75px;padding-top:75px;\" data-section-id=\"\">\n<div class=\"dslc-modules-section-wrapper dslc-clearfix\">\n<div class=\"dslc-modules-area dslc-col dslc-12-col dslc-last-col\" data-size=\"12\" data-valign=\"\"><\/div>\n<\/p><\/div>\n<\/div>\n<div  class=\"dslc-modules-section \" style=\"padding-bottom:0px;padding-top:0px;padding-left:5%;padding-right:5%;background-image:url();background-image:url(https:\/\/higienegenitalfeminina.com.br\/wp-content\/uploads\/2016\/11\/fundo-depoimentos.jpg);\" data-section-id=\"\">\n<div class=\"dslc-modules-section-wrapper dslc-clearfix\">\n<div class=\"dslc-modules-area dslc-col dslc-12-col dslc-last-col\" data-size=\"12\" data-valign=\"\">\n<div id=\"dslc-module-32\" class=\"dslc-module-front dslc-module-DSLC_Text_Simple dslc-in-viewport-check dslc-in-viewport-anim-none  dslc-col dslc-12-col  dslc-module-handle-like-regular \" data-module-id=\"32\" data-module=\"DSLC_Text_Simple\" data-dslc-module-size=\"12\" data-dslc-anim=\"none\" data-dslc-anim-delay=\"0\" data-dslc-anim-duration=\"650\"  data-dslc-anim-easing=\"ease\" data-dslc-preset=\"none\" >\n<div class=\"dslc-text-module-content\">\n<h1>Depoimentos<\/h1>\n<\/p><\/div>\n<\/p><\/div>\n<p><!-- .dslc-module -->\n\t\t<\/div>\n<\/p><\/div>\n<\/div>\n<div  class=\"dslc-modules-section \" style=\"padding-left:5%;padding-right:5%;\" data-section-id=\"\">\n<div class=\"dslc-modules-section-wrapper dslc-clearfix\">\n<div class=\"dslc-modules-area dslc-col dslc-6-col dslc-first-col\" data-size=\"6\" data-valign=\"\">\n<div id=\"dslc-module-33\" class=\"dslc-module-front dslc-module-DSLC_Image dslc-in-viewport-check dslc-in-viewport-anim-none  dslc-col dslc-12-col  dslc-module-handle-like-regular \" data-module-id=\"33\" data-module=\"DSLC_Image\" data-dslc-module-size=\"12\" data-dslc-anim=\"none\" data-dslc-anim-delay=\"0\" data-dslc-anim-duration=\"650\"  data-dslc-anim-easing=\"ease\" data-dslc-preset=\"none\" >\n<div class=\"dslc-image-container\">\n<div class=\"dslc-image\">\n<p>\t\t\t\t\t\t\t\t\t<img decoding=\"async\" src=\"https:\/\/higienegenitalfeminina.com.br\/wp-content\/uploads\/2016\/11\/dr-jarbas.jpg\" alt=\"\" title=\"\" srcset=\"https:\/\/higienegenitalfeminina.com.br\/wp-content\/uploads\/2016\/11\/dr-jarbas.jpg 441w, https:\/\/higienegenitalfeminina.com.br\/wp-content\/uploads\/2016\/11\/dr-jarbas-300x221.jpg 300w\" sizes=\"(max-width: 441px) 100vw, 441px\" \/><\/p><\/div>\n<p><!-- .dslc-image -->\n\t\t<\/div>\n<\/p><\/div>\n<p><!-- .dslc-module --><\/p>\n<div id=\"dslc-module-34\" class=\"dslc-module-front dslc-module-DSLC_Text_Simple dslc-in-viewport-check dslc-in-viewport-anim-none  dslc-col dslc-12-col  dslc-module-handle-like-regular \" data-module-id=\"34\" data-module=\"DSLC_Text_Simple\" data-dslc-module-size=\"12\" data-dslc-anim=\"none\" data-dslc-anim-delay=\"0\" data-dslc-anim-duration=\"650\"  data-dslc-anim-easing=\"ease\" data-dslc-preset=\"none\" >\n<div class=\"dslc-text-module-content\">\n<h3>Dr Jarbas Magalh\u00e3es<\/h3>\n<h4>&#8211; Presidente da SOGESP (bi\u00eanio 2014\/2015)<\/h4>\n<\/p><\/div>\n<\/p><\/div>\n<p><!-- .dslc-module --><\/p>\n<div id=\"dslc-module-35\" class=\"dslc-module-front dslc-module-DSLC_Text_Simple dslc-in-viewport-check dslc-in-viewport-anim-none  dslc-col dslc-12-col  dslc-module-handle-like-regular \" data-module-id=\"35\" data-module=\"DSLC_Text_Simple\" data-dslc-module-size=\"12\" data-dslc-anim=\"none\" data-dslc-anim-delay=\"0\" data-dslc-anim-duration=\"650\"  data-dslc-anim-easing=\"ease\" data-dslc-preset=\"none\" >\n<div class=\"dslc-text-module-content\">\n<h5>Meu amigo Paulo Cesar Giraldo \u00e9 \u00e1gil, direto e objetivo em suas atividades cient\u00edficas, sempre procurando traduzir ci\u00eancia em pr\u00e1tica di\u00e1ria, com grande facilidade. Com esse livro, ele a Dra Joziani Beghini conseguiram abordar um assunto t\u00e3o importante para a mulher, mas que vem sendo esquecido nos livros de ginecologia e obstetr\u00edcia: a Higiene Feminina.<\/p>\n<p>Com habilidade e grande capacidade de organiza\u00e7\u00e3o, conseguiram transpor a fronteira dos seus trabalhos cient\u00edficos e teses do seu grupo, trazendo informa\u00e7\u00f5es que interessam tanto a mulher moderna, quanto aos profissionais que orientam essa mulher no seu dia a dia intenso dos tempos atuais.<\/p>\n<p>O livro tem leitura f\u00e1cil e desvenda com clareza um novo universo e uma nova abordagem da higiene feminina, tanto no ponto de vista preventivo como na procura do bem-estar feminino.<\/p>\n<p>Com conte\u00fado rico, esse livro certamente ocupar\u00e1 uma lacuna nos cuidados e preven\u00e7\u00e3o da sa\u00fade de todas as mulheres.<\/p>\n<p>Bravo!<\/h5>\n<\/p><\/div>\n<\/p><\/div>\n<p><!-- .dslc-module -->\n\t\t<\/div>\n<div class=\"dslc-modules-area dslc-col dslc-6-col dslc-last-col\" data-size=\"6\" data-valign=\"\">\n<div id=\"dslc-module-gbnjbai5nro\" class=\"dslc-module-front dslc-module-DSLC_Image dslc-in-viewport-check dslc-in-viewport-anim-none  dslc-col dslc-12-col  dslc-module-handle-like-regular \" data-module-id=\"gbnjbai5nro\" data-module=\"DSLC_Image\" data-dslc-module-size=\"12\" data-dslc-anim=\"none\" data-dslc-anim-delay=\"0\" data-dslc-anim-duration=\"650\"  data-dslc-anim-easing=\"ease\" data-dslc-preset=\"none\" >\n<div class=\"dslc-image-container\">\n<div class=\"dslc-image\">\n<p>\t\t\t\t\t\t\t\t\t<img decoding=\"async\" src=\"https:\/\/higienegenitalfeminina.com.br\/wp-content\/uploads\/2016\/11\/dr-cesar.jpg\" alt=\"\" title=\"\" srcset=\"https:\/\/higienegenitalfeminina.com.br\/wp-content\/uploads\/2016\/11\/dr-cesar.jpg 441w, https:\/\/higienegenitalfeminina.com.br\/wp-content\/uploads\/2016\/11\/dr-cesar-300x221.jpg 300w\" sizes=\"(max-width: 441px) 100vw, 441px\" \/><\/p><\/div>\n<p><!-- .dslc-image -->\n\t\t<\/div>\n<\/p><\/div>\n<p><!-- .dslc-module --><\/p>\n<div id=\"dslc-module-34\" class=\"dslc-module-front dslc-module-DSLC_Text_Simple dslc-in-viewport-check dslc-in-viewport-anim-none  dslc-col dslc-12-col  dslc-module-handle-like-regular \" data-module-id=\"34\" data-module=\"DSLC_Text_Simple\" data-dslc-module-size=\"12\" data-dslc-anim=\"none\" data-dslc-anim-delay=\"0\" data-dslc-anim-duration=\"650\"  data-dslc-anim-easing=\"ease\" data-dslc-preset=\"none\" >\n<div class=\"dslc-text-module-content\">\n<h3>Dr C\u00e9sar Eduardo Fernandes<\/h3>\n<h4>&#8211; Professor Titular de Ginecologia da Faculdade de Medicina do ABC (FMABC)<br \/>\n&#8211; Presidente Eleito da Federa\u00e7\u00e3o Brasileira de Ginecologia e Obstetr\u00edcia (FEBRASGO) \u2013 Quadri\u00eanio 2016-2019<\/h4>\n<\/p><\/div>\n<\/p><\/div>\n<p><!-- .dslc-module --><\/p>\n<div id=\"dslc-module-35\" class=\"dslc-module-front dslc-module-DSLC_Text_Simple dslc-in-viewport-check dslc-in-viewport-anim-none  dslc-col dslc-12-col  dslc-module-handle-like-regular \" data-module-id=\"35\" data-module=\"DSLC_Text_Simple\" data-dslc-module-size=\"12\" data-dslc-anim=\"none\" data-dslc-anim-delay=\"0\" data-dslc-anim-duration=\"650\"  data-dslc-anim-easing=\"ease\" data-dslc-preset=\"none\" >\n<div class=\"dslc-text-module-content\">\n<h5>Apesar da paucidade de informa\u00e7\u00f5es, existe grande interesse das mulheres no conhecimento sobre a correta higiene dos genitais. Editado pelos respeitados professores de Medicina Paulo Giraldo e Joziani Beghini, Higiene Genital Feminina vem ao encontro do que as mulheres precisam saber sobre o bem cuidar da sa\u00fade genital.<\/p>\n<p>Os autores conseguem, com linguagem de f\u00e1cil compreens\u00e3o, transmitir os conceitos necess\u00e1rios sobre a constitui\u00e7\u00e3o e funcionalidade dos genitais.<\/p>\n<p>Ao mesmo tempo, passam as orienta\u00e7\u00f5es sobre as corretas t\u00e9cnicas de higiene \u00edntima. Acredito que a partir desta obra temos, entre n\u00f3s, uma fonte confi\u00e1vel e extremamente \u00fatil para as mulheres que buscam aprender sobre o tema.<\/h5>\n<\/p><\/div>\n<\/p><\/div>\n<p><!-- .dslc-module -->\n\t\t<\/div>\n<\/p><\/div>\n<\/div><\/div>\n<\/div><\/div>","protected":false},"excerpt":{"rendered":"<p>Depoimentos Dr Jarbas Magalh\u00e3es &#8211; Presidente da SOGESP (bi\u00eanio 2014\/2015) Meu amigo Paulo Cesar Giraldo \u00e9 \u00e1gil, direto e objetivo em suas atividades cient\u00edficas, sempre procurando traduzir ci\u00eancia em pr\u00e1tica di\u00e1ria, com grande facilidade. Com esse livro, ele a Dra Joziani Beghini conseguiram abordar um assunto t\u00e3o importante para a mulher, mas que vem sendo [&hellip;]<\/p>\n","protected":false},"author":1,"featured_media":0,"parent":0,"menu_order":0,"comment_status":"closed","ping_status":"closed","template":"","meta":{"footnotes":""},"class_list":["post-10","page","type-page","status-publish","hentry"],"_links":{"self":[{"href":"https:\/\/higienegenitalfeminina.com.br\/index.php\/wp-json\/wp\/v2\/pages\/10","targetHints":{"allow":["GET"]}}],"collection":[{"href":"https:\/\/higienegenitalfeminina.com.br\/index.php\/wp-json\/wp\/v2\/pages"}],"about":[{"href":"https:\/\/higienegenitalfeminina.com.br\/index.php\/wp-json\/wp\/v2\/types\/page"}],"author":[{"embeddable":true,"href":"https:\/\/higienegenitalfeminina.com.br\/index.php\/wp-json\/wp\/v2\/users\/1"}],"replies":[{"embeddable":true,"href":"https:\/\/higienegenitalfeminina.com.br\/index.php\/wp-json\/wp\/v2\/comments?post=10"}],"version-history":[{"count":1,"href":"https:\/\/higienegenitalfeminina.com.br\/index.php\/wp-json\/wp\/v2\/pages\/10\/revisions"}],"predecessor-version":[{"id":11,"href":"https:\/\/higienegenitalfeminina.com.br\/index.php\/wp-json\/wp\/v2\/pages\/10\/revisions\/11"}],"wp:attachment":[{"href":"https:\/\/higienegenitalfeminina.com.br\/index.php\/wp-json\/wp\/v2\/media?parent=10"}],"curies":[{"name":"wp","href":"https:\/\/api.w.org\/{rel}","templated":true}]}}