{"id":12,"date":"2016-11-28T17:18:45","date_gmt":"2016-11-28T17:18:45","guid":{"rendered":"http:\/\/higienegenitalfeminina.com.br\/teste\/?page_id=12"},"modified":"2016-11-29T11:40:07","modified_gmt":"2016-11-29T11:40:07","slug":"livro","status":"publish","type":"page","link":"https:\/\/higienegenitalfeminina.com.br\/index.php\/livro\/","title":{"rendered":"LIVRO"},"content":{"rendered":"<div id=\"dslc-theme-content\"><div id=\"dslc-theme-content-inner\"><div id=\"dslc-main\">\n<div  class=\"dslc-modules-section \" style=\"padding-bottom:75px;padding-top:75px;\" data-section-id=\"\">\n<div class=\"dslc-modules-section-wrapper dslc-clearfix\">\n<div class=\"dslc-modules-area dslc-col dslc-12-col dslc-last-col\" data-size=\"12\" data-valign=\"\"><\/div>\n<\/div>\n<\/div>\n<div  class=\"dslc-modules-section \" style=\"padding-bottom:0px;padding-top:0px;padding-left:15%;padding-right:15%;background-image:url(https:\/\/higienegenitalfeminina.com.br\/wp-content\/uploads\/2016\/11\/fundo-livro.jpg);\" data-section-id=\"\">\n<div class=\"dslc-modules-section-wrapper dslc-clearfix\">\n<div class=\"dslc-modules-area dslc-col dslc-12-col dslc-last-col\" data-size=\"12\" data-valign=\"\">\n<div id=\"dslc-module-49\" class=\"dslc-module-front dslc-module-DSLC_Text_Simple dslc-in-viewport-check dslc-in-viewport-anim-none  dslc-col dslc-12-col dslc-last-col  dslc-module-handle-like-regular \" data-module-id=\"49\" data-module=\"DSLC_Text_Simple\" data-dslc-module-size=\"12\" data-dslc-anim=\"none\" data-dslc-anim-delay=\"0\" data-dslc-anim-duration=\"650\"  data-dslc-anim-easing=\"ease\" data-dslc-preset=\"none\" >\n<div class=\"dslc-text-module-content\">\n<h1>O Livro<\/h1>\n<\/p><\/div>\n<\/p><\/div>\n<p><!-- .dslc-module -->\n\t\t<\/div>\n<\/div>\n<\/div>\n<div  class=\"dslc-modules-section \" style=\"padding-left:5%;padding-right:5%;\" data-section-id=\"\">\n<div class=\"dslc-modules-section-wrapper dslc-clearfix\">\n<div class=\"dslc-modules-area dslc-col dslc-12-col dslc-last-col\" data-size=\"12\" data-valign=\"\">\n<div id=\"dslc-module-36\" class=\"dslc-module-front dslc-module-DSLC_Text_Simple dslc-in-viewport-check dslc-in-viewport-anim-none  dslc-col dslc-12-col dslc-last-col  dslc-module-handle-like-regular \" data-module-id=\"36\" data-module=\"DSLC_Text_Simple\" data-dslc-module-size=\"12\" data-dslc-anim=\"none\" data-dslc-anim-delay=\"0\" data-dslc-anim-duration=\"650\"  data-dslc-anim-easing=\"ease\" data-dslc-preset=\"none\" >\n<div class=\"dslc-text-module-content\">\n\t\t\t\t\t<\/div>\n<\/p><\/div>\n<p><!-- .dslc-module --><\/p>\n<div id=\"dslc-module-37\" class=\"dslc-module-front dslc-module-DSLC_Text_Simple dslc-in-viewport-check dslc-in-viewport-anim-none  dslc-col dslc-12-col dslc-last-col  dslc-module-handle-like-regular \" data-module-id=\"37\" data-module=\"DSLC_Text_Simple\" data-dslc-module-size=\"12\" data-dslc-anim=\"none\" data-dslc-anim-delay=\"0\" data-dslc-anim-duration=\"650\"  data-dslc-anim-easing=\"ease\" data-dslc-preset=\"none\" >\n<div class=\"dslc-text-module-content\">\n<h1>O livro: Higiene Genital Feminina<\/h1>\n<\/p><\/div>\n<\/p><\/div>\n<p><!-- .dslc-module --><\/p>\n<div id=\"dslc-module-38\" class=\"dslc-module-front dslc-module-DSLC_Text_Simple dslc-in-viewport-check dslc-in-viewport-anim-none  dslc-col dslc-12-col dslc-last-col  dslc-module-handle-like-regular \" data-module-id=\"38\" data-module=\"DSLC_Text_Simple\" data-dslc-module-size=\"12\" data-dslc-anim=\"none\" data-dslc-anim-delay=\"0\" data-dslc-anim-duration=\"650\"  data-dslc-anim-easing=\"ease\" data-dslc-preset=\"none\" >\n<div class=\"dslc-text-module-content\">\n<h5>Este livro tem a finalidade de oferecer, \u00e0s mulheres brasileiras, orienta\u00e7\u00f5es sobre a anatomia do genital feminino, t\u00e9cnicas de higieniza\u00e7\u00e3o e dicas de cuidados com a \u00e1rea genital para evitar complica\u00e7\u00f5es como coceiras, fissuras, mau cheiro, irrita\u00e7\u00f5es e, especialmente, minimizar os riscos de desenvolver infec\u00e7\u00f5es.<\/p>\n<p>A falta ou excesso de higiene, al\u00e9m do uso inadequado de produtos de higiene \u00edntima (sabonetes, absorventes, papel higi\u00eanico etc.) t\u00eam promovido v\u00e1rios sintomas genitais respons\u00e1veis por grandes e frequentes inc\u00f4modos \u00e0 mulher moderna. Neste contexto, diversas mulheres procuram assist\u00eancia ginecol\u00f3gica, acreditando ter uma infec\u00e7\u00e3o genital, sem que isto seja necessariamente verdade. Muitos destes desconfortos poderiam ser evitados com uma higiene genital bem conduzida, reduzindo-se, desta forma, o uso indevido de antibi\u00f3ticos e\/ou antif\u00fangicos.<\/p>\n<p>Infelizmente, a vida atribulada da sociedade atual imp\u00f5e \u00e0s mulheres cerca de 10 a 12 horas de trabalho ininterrupto sem que elas possam ter acesso a banheiros ou duchas higi\u00eanicas para fazer a higiene genital fora de casa pelo menos uma vez. A regi\u00e3o vulvoperineal possui muitas dobras de pele e incont\u00e1veis gl\u00e2ndulas sudor\u00edparas e seb\u00e1ceas que, constantemente, acumulam produtos de degrada\u00e7\u00e3o (c\u00e9lulas mortas, bact\u00e9rias, secre\u00e7\u00f5es e transudatos). Se a regi\u00e3o n\u00e3o for frequentemente higienizada, pode ocorrer mau odor, irrita\u00e7\u00e3o e at\u00e9 infec\u00e7\u00e3o. Portanto, a higiene feminina deve ser feita visando reduzir o ac\u00famulo de res\u00edduos local.<\/p>\n<p>Por outro lado, a higieniza\u00e7\u00e3o exagerada do genital, o uso de produtos inadequados, erros de t\u00e9cnicas de higiene e o uso excessivo de papel higi\u00eanico podem causar irrita\u00e7\u00e3o, ressecamento, alergia e fissuras \u00e0 \u00e1rea genital, que promover\u00e1 constantes inc\u00f4modos para as mulheres. O excesso de limpeza pode ser t\u00e3o ruim ou pior que a falta de higiene.<\/p>\n<p>Em geral, a fragilidade do tecido (pele ou mucosa) em decorr\u00eancia de qualquer agress\u00e3o, inclusive h\u00e1bitos inadequados de higiene, pode tornar a regi\u00e3o mais suscet\u00edvel ao desenvolvimento de infec\u00e7\u00f5es. Portanto, a manuten\u00e7\u00e3o de h\u00e1bitos corretos de cuidados com o genital feminino \u00e9 um fator importante para conservar a sa\u00fade local.<\/p>\n<p>Considerando-se todos estes aspectos, resolvemos criar um guia pr\u00e1tico de orienta\u00e7\u00e3o sobre higiene genital feminina para oferecer conhecimentos b\u00e1sicos de anatomia, fisiologia e procedimentos que facilitem a vida cotidiana da maioria das mulheres. Este livro foi elaborado baseando-se sempre nas melhores evid\u00eancias cient\u00edficas dispon\u00edveis, nas experi\u00eancias dos autores e, fundamentalmente, no bom senso.<\/p>\n<\/h5>\n<h5 style=\"text-align: right;\"><strong>Paulo Giraldo<\/strong><br \/>\n<strong> Joziani Beghini<\/strong><\/h5>\n<\/p><\/div>\n<\/p><\/div>\n<p><!-- .dslc-module -->\n\t\t<\/div>\n<\/div>\n<\/div>\n<div  class=\"dslc-modules-section \" style=\"padding-bottom:20px;padding-top:20px;padding-left:5%;padding-right:5%;background-color:rgb(54,41,107);\" data-section-id=\"\">\n<div class=\"dslc-modules-section-wrapper dslc-clearfix\">\n<div class=\"dslc-modules-area dslc-col dslc-12-col dslc-last-col\" data-size=\"12\" data-valign=\"\">\n<div id=\"dslc-module-43\" class=\"dslc-module-front dslc-module-DSLC_Button dslc-in-viewport-check dslc-in-viewport-anim-none  dslc-col dslc-12-col dslc-last-col  dslc-module-handle-like-regular \" data-module-id=\"43\" data-module=\"DSLC_Button\" data-dslc-module-size=\"12\" data-dslc-anim=\"none\" data-dslc-anim-delay=\"0\" data-dslc-anim-duration=\"650\"  data-dslc-anim-easing=\"ease\" data-dslc-preset=\"none\" >\n<div class=\"dslc-button\">\n\t\t\t\t\t\t\t\t\t<a href=\"https:\/\/higienegenitalfeminina.lojaintegrada.com.br\" target=\"_self\"  onClick=\"\" class=\"\"><br \/>\n\t\t\t\t\t\t\t\t\t\t\t\t\t\t\t\t\t\t\t\t\t<span class=\"dslc-icon dslc-icon-cart-arrow-down\"><\/span><br \/>\n\t\t\t\t\t\t\t\t\t\t\t\t\t\t\t\t\t\t\t\t\t\t\t\t\t\t<span>COMPRAR AGORA<\/span><br \/>\n\t\t\t\t\t\t\t\t\t\t\t\t\t\t\t\t\t<\/a>\n\t\t\t\t\t\t\t<\/div>\n<p><!-- .dslc-button --><\/p><\/div>\n<p><!-- .dslc-module -->\n\t\t<\/div>\n<\/div>\n<\/div>\n<div  class=\"dslc-modules-section \" style=\"padding-left:5%;padding-right:5%;background-color:rgb(218,215,227);\" data-section-id=\"\">\n<div class=\"dslc-modules-section-wrapper dslc-clearfix\">\n<div class=\"dslc-modules-area dslc-col dslc-4-col dslc-first-col\" data-size=\"4\" data-valign=\"\">\n<div id=\"dslc-module-44\" class=\"dslc-module-front dslc-module-DSLC_Image dslc-in-viewport-check dslc-in-viewport-anim-none  dslc-col dslc-12-col dslc-last-col  dslc-module-handle-like-regular \" data-module-id=\"44\" data-module=\"DSLC_Image\" data-dslc-module-size=\"12\" data-dslc-anim=\"none\" data-dslc-anim-delay=\"0\" data-dslc-anim-duration=\"650\"  data-dslc-anim-easing=\"ease\" data-dslc-preset=\"none\" >\n<div class=\"dslc-image-container\">\n<div class=\"dslc-image\">\n<p>\t\t\t\t\t\t\t\t\t<img decoding=\"async\" src=\"https:\/\/higienegenitalfeminina.com.br\/wp-content\/uploads\/2016\/11\/informacoes-tecnicas.jpg\" alt=\"\" title=\"\" srcset=\"https:\/\/higienegenitalfeminina.com.br\/wp-content\/uploads\/2016\/11\/informacoes-tecnicas.jpg 531w, https:\/\/higienegenitalfeminina.com.br\/wp-content\/uploads\/2016\/11\/informacoes-tecnicas-230x300.jpg 230w\" sizes=\"(max-width: 531px) 100vw, 531px\" \/><\/p><\/div>\n<p><!-- .dslc-image -->\n\t\t<\/div>\n<\/p><\/div>\n<p><!-- .dslc-module -->\n\t\t<\/div>\n<div class=\"dslc-modules-area dslc-col dslc-8-col dslc-last-col\" data-size=\"8\" data-valign=\"\">\n<div id=\"dslc-module-rslr82jp4jg\" class=\"dslc-module-front dslc-module-DSLC_Text_Simple dslc-in-viewport-check dslc-in-viewport-anim-none  dslc-col dslc-12-col dslc-last-col  dslc-module-handle-like-regular \" data-module-id=\"rslr82jp4jg\" data-module=\"DSLC_Text_Simple\" data-dslc-module-size=\"12\" data-dslc-anim=\"none\" data-dslc-anim-delay=\"0\" data-dslc-anim-duration=\"650\"  data-dslc-anim-easing=\"ease\" data-dslc-preset=\"none\" >\n<div class=\"dslc-text-module-content\">\n<h1>Informa\u00e7\u00f5es T\u00e9cnicas<\/h1>\n<\/p><\/div>\n<\/p><\/div>\n<p><!-- .dslc-module --><\/p>\n<div id=\"dslc-module-45\" class=\"dslc-module-front dslc-module-DSLC_Text_Simple dslc-in-viewport-check dslc-in-viewport-anim-none  dslc-col dslc-12-col dslc-last-col  dslc-module-handle-like-regular \" data-module-id=\"45\" data-module=\"DSLC_Text_Simple\" data-dslc-module-size=\"12\" data-dslc-anim=\"none\" data-dslc-anim-delay=\"0\" data-dslc-anim-duration=\"650\"  data-dslc-anim-easing=\"ease\" data-dslc-preset=\"none\" >\n<div class=\"dslc-text-module-content\">\n<h5>Livro dedicado \u00e0s mulheres e profissionais de sa\u00fade preocupados em entender e prevenir desconfortos e infec\u00e7\u00f5es genitais femininas. A reda\u00e7\u00e3o simples e compreens\u00edvel foi disposta de forma did\u00e1tica em 13 cap\u00edtulos em papel couchet de alta qualidade e 196 p\u00e1ginas ricamente ilustrada por figuras e fotos.<\/p>\n<p>Conhe\u00e7a as principais d\u00favidas e dicas de como resolver e prevenir coceira, mau odor, fissuras e dor vulvovaginal.<\/h5>\n<\/p><\/div>\n<\/p><\/div>\n<p><!-- .dslc-module -->\n\t\t<\/div>\n<\/div>\n<\/div>\n<div  class=\"dslc-modules-section \" style=\"padding-left:5%;padding-right:5%;\" data-section-id=\"\">\n<div class=\"dslc-modules-section-wrapper dslc-clearfix\">\n<div class=\"dslc-modules-area dslc-col dslc-12-col dslc-last-col\" data-size=\"12\" data-valign=\"\">\n<div id=\"dslc-module-ramhimvris8\" class=\"dslc-module-front dslc-module-DSLC_Text_Simple dslc-in-viewport-check dslc-in-viewport-anim-none  dslc-col dslc-12-col dslc-last-col  dslc-module-handle-like-regular \" data-module-id=\"ramhimvris8\" data-module=\"DSLC_Text_Simple\" data-dslc-module-size=\"12\" data-dslc-anim=\"none\" data-dslc-anim-delay=\"0\" data-dslc-anim-duration=\"650\"  data-dslc-anim-easing=\"ease\" data-dslc-preset=\"none\" >\n<div class=\"dslc-text-module-content\">\n<h1>Livro sobre Higiene Genital Feminina \u00e9 lan\u00e7ado<\/h1>\n<\/p><\/div>\n<\/p><\/div>\n<p><!-- .dslc-module --><\/p>\n<div id=\"dslc-module-47\" class=\"dslc-module-front dslc-module-DSLC_Text_Simple dslc-in-viewport-check dslc-in-viewport-anim-none  dslc-col dslc-12-col dslc-last-col  dslc-module-handle-like-regular \" data-module-id=\"47\" data-module=\"DSLC_Text_Simple\" data-dslc-module-size=\"12\" data-dslc-anim=\"none\" data-dslc-anim-delay=\"0\" data-dslc-anim-duration=\"650\"  data-dslc-anim-easing=\"ease\" data-dslc-preset=\"none\" >\n<div class=\"dslc-text-module-content\">\n<h5>Realizado no dia 12 de novembro, durante o 56\u00ba Congresso Brasileiro de Ginecologia e Obstetr\u00edcia, em Bras\u00edlia, o lan\u00e7amento do livro \u201cHigiene Genital Feminino\u201d, foi um sucesso! Bastante elogiado recebeu aprova\u00e7\u00e3o de todos os m\u00e9dicos presentes no evento. Compilado em 196 p\u00e1ginas, ricamente ilustrado com diagramas e fotos, a obra traz informa\u00e7\u00f5es pr\u00e1ticas e coerentes sobre a forma e produtos de limpeza dos genitais femininos, as implica\u00e7\u00f5es do uso inadequado de roupas, tipos de depila\u00e7\u00e3o, al\u00e9m dos diferentes tipos de absorventes, assim como a preven\u00e7\u00e3o de infec\u00e7\u00f5es genitais. Voltado ao p\u00fablico feminino, o livro trata destes t\u00f3picos de maneira did\u00e1tica, fundamentada em dados cient\u00edficos.<\/h5>\n<\/p><\/div>\n<\/p><\/div>\n<p><!-- .dslc-module --><\/p>\n<div id=\"dslc-module-48\" class=\"dslc-module-front dslc-module-DSLC_Text_Simple dslc-in-viewport-check dslc-in-viewport-anim-none  dslc-col dslc-12-col dslc-last-col  dslc-module-handle-like-regular \" data-module-id=\"48\" data-module=\"DSLC_Text_Simple\" data-dslc-module-size=\"12\" data-dslc-anim=\"none\" data-dslc-anim-delay=\"0\" data-dslc-anim-duration=\"650\"  data-dslc-anim-easing=\"ease\" data-dslc-preset=\"none\" >\n<div class=\"dslc-text-module-content\">\n\t\t\t\t\t<\/div>\n<\/p><\/div>\n<p><!-- .dslc-module -->\n\t\t<\/div>\n<\/div>\n<\/div>\n<\/div>\n<\/div><\/div>","protected":false},"excerpt":{"rendered":"<p>O Livro O livro: Higiene Genital Feminina Este livro tem a finalidade de oferecer, \u00e0s mulheres brasileiras, orienta\u00e7\u00f5es sobre a anatomia do genital feminino, t\u00e9cnicas de higieniza\u00e7\u00e3o e dicas de cuidados com a \u00e1rea genital para evitar complica\u00e7\u00f5es como coceiras, fissuras, mau cheiro, irrita\u00e7\u00f5es e, especialmente, minimizar os riscos de desenvolver infec\u00e7\u00f5es. A falta ou [&hellip;]<\/p>\n","protected":false},"author":1,"featured_media":0,"parent":0,"menu_order":0,"comment_status":"closed","ping_status":"closed","template":"","meta":{"footnotes":""},"class_list":["post-12","page","type-page","status-publish","hentry"],"_links":{"self":[{"href":"https:\/\/higienegenitalfeminina.com.br\/index.php\/wp-json\/wp\/v2\/pages\/12","targetHints":{"allow":["GET"]}}],"collection":[{"href":"https:\/\/higienegenitalfeminina.com.br\/index.php\/wp-json\/wp\/v2\/pages"}],"about":[{"href":"https:\/\/higienegenitalfeminina.com.br\/index.php\/wp-json\/wp\/v2\/types\/page"}],"author":[{"embeddable":true,"href":"https:\/\/higienegenitalfeminina.com.br\/index.php\/wp-json\/wp\/v2\/users\/1"}],"replies":[{"embeddable":true,"href":"https:\/\/higienegenitalfeminina.com.br\/index.php\/wp-json\/wp\/v2\/comments?post=12"}],"version-history":[{"count":2,"href":"https:\/\/higienegenitalfeminina.com.br\/index.php\/wp-json\/wp\/v2\/pages\/12\/revisions"}],"predecessor-version":[{"id":26,"href":"https:\/\/higienegenitalfeminina.com.br\/index.php\/wp-json\/wp\/v2\/pages\/12\/revisions\/26"}],"wp:attachment":[{"href":"https:\/\/higienegenitalfeminina.com.br\/index.php\/wp-json\/wp\/v2\/media?parent=12"}],"curies":[{"name":"wp","href":"https:\/\/api.w.org\/{rel}","templated":true}]}}