{"id":8,"date":"2016-11-28T17:18:29","date_gmt":"2016-11-28T17:18:29","guid":{"rendered":"http:\/\/higienegenitalfeminina.com.br\/teste\/?page_id=8"},"modified":"2016-11-29T11:39:28","modified_gmt":"2016-11-29T11:39:28","slug":"autores","status":"publish","type":"page","link":"https:\/\/higienegenitalfeminina.com.br\/index.php\/autores\/","title":{"rendered":"AUTORES"},"content":{"rendered":"<div id=\"dslc-theme-content\"><div id=\"dslc-theme-content-inner\"><div id=\"dslc-main\">\n<div  class=\"dslc-modules-section \" style=\"padding-bottom:75px;padding-top:75px;\" data-section-id=\"\">\n<div class=\"dslc-modules-section-wrapper dslc-clearfix\">\n<div class=\"dslc-modules-area dslc-col dslc-12-col dslc-last-col\" data-size=\"12\" data-valign=\"\"><\/div>\n<\/p><\/div>\n<\/div>\n<div  class=\"dslc-modules-section \" style=\"padding-bottom:0px;padding-top:0px;padding-left:5%;padding-right:5%;background-image:url();background-image:url(https:\/\/higienegenitalfeminina.com.br\/wp-content\/uploads\/2016\/11\/fundo-autores.jpg);\" data-section-id=\"\">\n<div class=\"dslc-modules-section-wrapper dslc-clearfix\">\n<div class=\"dslc-modules-area dslc-col dslc-12-col dslc-last-col\" data-size=\"12\" data-valign=\"\">\n<div id=\"dslc-module-24\" class=\"dslc-module-front dslc-module-DSLC_Text_Simple dslc-in-viewport-check dslc-in-viewport-anim-none  dslc-col dslc-12-col  dslc-module-handle-like-regular \" data-module-id=\"24\" data-module=\"DSLC_Text_Simple\" data-dslc-module-size=\"12\" data-dslc-anim=\"none\" data-dslc-anim-delay=\"0\" data-dslc-anim-duration=\"650\"  data-dslc-anim-easing=\"ease\" data-dslc-preset=\"none\" >\n<div class=\"dslc-text-module-content\">\n<h1>Os Autores<\/h1>\n<\/p><\/div>\n<\/p><\/div>\n<p><!-- .dslc-module -->\n\t\t<\/div>\n<\/p><\/div>\n<\/div>\n<div  class=\"dslc-modules-section \" style=\"padding-left:5%;padding-right:5%;\" data-section-id=\"\">\n<div class=\"dslc-modules-section-wrapper dslc-clearfix\">\n<div class=\"dslc-modules-area dslc-col dslc-5-col dslc-first-col\" data-size=\"5\" data-valign=\"\">\n<div id=\"dslc-module-23\" class=\"dslc-module-front dslc-module-DSLC_Image dslc-in-viewport-check dslc-in-viewport-anim-none  dslc-col dslc-12-col  dslc-module-handle-like-regular \" data-module-id=\"23\" data-module=\"DSLC_Image\" data-dslc-module-size=\"12\" data-dslc-anim=\"none\" data-dslc-anim-delay=\"0\" data-dslc-anim-duration=\"650\"  data-dslc-anim-easing=\"ease\" data-dslc-preset=\"none\" >\n<div class=\"dslc-image-container\">\n<div class=\"dslc-image\">\n<p>\t\t\t\t\t\t\t\t\t<img decoding=\"async\" src=\"https:\/\/higienegenitalfeminina.com.br\/wp-content\/uploads\/2016\/11\/dr-paulo-giraldo.jpg\" alt=\"\" title=\"\" srcset=\"https:\/\/higienegenitalfeminina.com.br\/wp-content\/uploads\/2016\/11\/dr-paulo-giraldo.jpg 348w, https:\/\/higienegenitalfeminina.com.br\/wp-content\/uploads\/2016\/11\/dr-paulo-giraldo-300x259.jpg 300w\" sizes=\"(max-width: 348px) 100vw, 348px\" \/><\/p><\/div>\n<p><!-- .dslc-image -->\n\t\t<\/div>\n<\/p><\/div>\n<p><!-- .dslc-module --><\/p>\n<div id=\"dslc-module-25\" class=\"dslc-module-front dslc-module-DSLC_Text_Simple dslc-in-viewport-check dslc-in-viewport-anim-none  dslc-col dslc-12-col  dslc-module-handle-like-regular \" data-module-id=\"25\" data-module=\"DSLC_Text_Simple\" data-dslc-module-size=\"12\" data-dslc-anim=\"none\" data-dslc-anim-delay=\"0\" data-dslc-anim-duration=\"650\"  data-dslc-anim-easing=\"ease\" data-dslc-preset=\"none\" >\n<div class=\"dslc-text-module-content\">\n<h2>Paulo Cesar Giraldo<\/h2>\n<\/p><\/div>\n<\/p><\/div>\n<p><!-- .dslc-module --><\/p>\n<div id=\"dslc-module-29\" class=\"dslc-module-front dslc-module-DSLC_Button dslc-in-viewport-check dslc-in-viewport-anim-none  dslc-col dslc-12-col  dslc-module-handle-like-regular \" data-module-id=\"29\" data-module=\"DSLC_Button\" data-dslc-module-size=\"12\" data-dslc-anim=\"none\" data-dslc-anim-delay=\"0\" data-dslc-anim-duration=\"650\"  data-dslc-anim-easing=\"ease\" data-dslc-preset=\"none\" >\n<div class=\"dslc-button\">\n\t\t\t\t\t\t\t\t\t<a href=\"http:\/\/buscatextual.cnpq.br\/buscatextual\/visualizacv.do?id=K4799710H6\" target=\"_blank\"  onClick=\"\" class=\"\"><br \/>\n\t\t\t\t\t\t\t\t\t\t\t\t\t\t\t\t\t\t\t<span>Ver curr\u00edculo lattes<br \/><\/span><br \/>\n\t\t\t\t\t\t\t\t\t\t\t\t\t\t\t\t\t<\/a>\n\t\t\t\t\t\t\t<\/div>\n<p><!-- .dslc-button --><\/p><\/div>\n<p><!-- .dslc-module -->\n\t\t<\/div>\n<div class=\"dslc-modules-area dslc-col dslc-7-col dslc-last-col\" data-size=\"7\" data-valign=\"\">\n<div id=\"dslc-module-22\" class=\"dslc-module-front dslc-module-DSLC_Text_Simple dslc-in-viewport-check dslc-in-viewport-anim-none  dslc-col dslc-12-col  dslc-module-handle-like-regular \" data-module-id=\"22\" data-module=\"DSLC_Text_Simple\" data-dslc-module-size=\"12\" data-dslc-anim=\"none\" data-dslc-anim-delay=\"0\" data-dslc-anim-duration=\"650\"  data-dslc-anim-easing=\"ease\" data-dslc-preset=\"none\" >\n<div class=\"dslc-text-module-content\">\n<h5>Professor Titular de Ginecologia do Departamento de Tocoginecologia da Universidade Estadual de Campinas (Unicamp) desde 2010.<\/p>\n<p> Iniciou sua carreira universit\u00e1ria em 1983 ap\u00f3s graduar-se em Medicina na mesma institui\u00e7\u00e3o, onde cursou tamb\u00e9m sua resid\u00eancia m\u00e9dica em Ginecologia e Obstetr\u00edcia (1979) e o doutoramento em 1990.<\/p>\n<p> Realizou P\u00f3s-Doutorado na divis\u00e3o de Imunologia e Microbiologia da Universidade de Cornell em Nova York, EUA (1997-1999).<\/p>\n<p> Membro do corpo editorial da Revista de Sa\u00fade P\u00fablica\/Journal of Public Health e da Revista de Ci\u00eancias M\u00e9dicas, atualmente \u00e9 tamb\u00e9m editor do Jornal Brasileiro de Doen\u00e7as Sexualmente Transmiss\u00edveis e Assessor Ad Hoc da FAPESP, FAPESC e FAEPEX.<\/p>\n<p> Foi Presidente da Sociedade Brasileira de Doen\u00e7as Sexualmente Transmiss\u00edveis (SBDST) Regional do Estado de S\u00e3o Paulo; vice-presidente da Comiss\u00e3o Nacional de Doen\u00e7as Infectocontagiosas da Federa\u00e7\u00e3o Brasileira de Associa\u00e7\u00f5es de Ginecologia e Obstetr\u00edcia (FEBRASGO); e diretor cient\u00edfico da Sociedade de Obstetr\u00edcia e Ginecologia do Estado de S\u00e3o Paulo (SOGESP, 2010-2013). Atualmente, \u00e9 vice-presidente da mesma entidade.<\/p>\n<p> Respons\u00e1vel pelo Ambulat\u00f3rio de Infec\u00e7\u00f5es Genitais do Centro de Aten\u00e7\u00e3o Integral \u00e0 Sa\u00fade da Mulher (CAISM) da Unicamp desde 1986.<\/h5>\n<\/p><\/div>\n<\/p><\/div>\n<p><!-- .dslc-module -->\n\t\t<\/div>\n<\/p><\/div>\n<\/div>\n<div  class=\"dslc-modules-section \" style=\"padding-left:5%;padding-right:5%;\" data-section-id=\"\">\n<div class=\"dslc-modules-section-wrapper dslc-clearfix\">\n<div class=\"dslc-modules-area dslc-col dslc-5-col dslc-first-col\" data-size=\"5\" data-valign=\"\">\n<div id=\"dslc-module-rtq7tutuplg\" class=\"dslc-module-front dslc-module-DSLC_Image dslc-in-viewport-check dslc-in-viewport-anim-none  dslc-col dslc-12-col  dslc-module-handle-like-regular \" data-module-id=\"rtq7tutuplg\" data-module=\"DSLC_Image\" data-dslc-module-size=\"12\" data-dslc-anim=\"none\" data-dslc-anim-delay=\"0\" data-dslc-anim-duration=\"650\"  data-dslc-anim-easing=\"ease\" data-dslc-preset=\"none\" >\n<div class=\"dslc-image-container\">\n<div class=\"dslc-image\">\n<p>\t\t\t\t\t\t\t\t\t<img decoding=\"async\" src=\"https:\/\/higienegenitalfeminina.com.br\/wp-content\/uploads\/2016\/11\/dra-joziani-beghini.jpg\" alt=\"\" title=\"\" srcset=\"https:\/\/higienegenitalfeminina.com.br\/wp-content\/uploads\/2016\/11\/dra-joziani-beghini.jpg 348w, https:\/\/higienegenitalfeminina.com.br\/wp-content\/uploads\/2016\/11\/dra-joziani-beghini-300x259.jpg 300w\" sizes=\"(max-width: 348px) 100vw, 348px\" \/><\/p><\/div>\n<p><!-- .dslc-image -->\n\t\t<\/div>\n<\/p><\/div>\n<p><!-- .dslc-module --><\/p>\n<div id=\"dslc-module-lp778eus37g\" class=\"dslc-module-front dslc-module-DSLC_Text_Simple dslc-in-viewport-check dslc-in-viewport-anim-none  dslc-col dslc-12-col  dslc-module-handle-like-regular \" data-module-id=\"lp778eus37g\" data-module=\"DSLC_Text_Simple\" data-dslc-module-size=\"12\" data-dslc-anim=\"none\" data-dslc-anim-delay=\"0\" data-dslc-anim-duration=\"650\"  data-dslc-anim-easing=\"ease\" data-dslc-preset=\"none\" >\n<div class=\"dslc-text-module-content\">\n<h2>Joziani Beghini<\/h2>\n<\/p><\/div>\n<\/p><\/div>\n<p><!-- .dslc-module -->\n\t\t<\/div>\n<div class=\"dslc-modules-area dslc-col dslc-7-col dslc-last-col\" data-size=\"7\" data-valign=\"\">\n<div id=\"dslc-module-22\" class=\"dslc-module-front dslc-module-DSLC_Text_Simple dslc-in-viewport-check dslc-in-viewport-anim-none  dslc-col dslc-12-col  dslc-module-handle-like-regular \" data-module-id=\"22\" data-module=\"DSLC_Text_Simple\" data-dslc-module-size=\"12\" data-dslc-anim=\"none\" data-dslc-anim-delay=\"0\" data-dslc-anim-duration=\"650\"  data-dslc-anim-easing=\"ease\" data-dslc-preset=\"none\" >\n<div class=\"dslc-text-module-content\">\n<h5>Mestre e doutora pelo programa de p\u00f3s-gradua\u00e7\u00e3o do Departamento de Tocoginecologia da Faculdade de Ci\u00eancias M\u00e9dicas (FCM) da Universidade Estadual de Campinas (Unicamp 2008 e 2015).<\/p>\n<p>Graduou-se em medicina pela Faculdade de Ci\u00eancias M\u00e9dicas \u201cDr. Jos\u00e9 Ant\u00f4nio Garcia Coutinho\u201d, UNIV\u00c1S (2003) e cursou a resid\u00eancia m\u00e9dica em Ginecologia e Obstetr\u00edcia na Pontif\u00edcia Universidade Cat\u00f3lica de Campinas (2004-2006).<\/p>\n<p>Tem experi\u00eancia na \u00e1rea de Ginecologia e Obstetr\u00edcia, com \u00eanfase em Infec\u00e7\u00f5es Genitais e Imunologia Vaginal, Doen\u00e7as Sexualmente Transmiss\u00edveis e Patologia do Trato Genital Inferior.<\/p>\n<p>Atua como m\u00e9dica ginecologista assistente no Ambulat\u00f3rio de Infec\u00e7\u00f5es Genitais do Centro de Aten\u00e7\u00e3o Integral \u00e0 Sa\u00fade da Mulher (CAISM) da Unicamp. Tamb\u00e9m tem experi\u00eancia cl\u00ednica atendendo no setor p\u00fablico e privado desde o t\u00e9rmino de sua forma\u00e7\u00e3o acad\u00eamica.<\/p>\n<p>Realiza pesquisas na \u00e1rea de imunologia vaginal focada nas infec\u00e7\u00f5es genitais, al\u00e9m de pesquisas sobre higiene genital feminina.<\/p>\n<p>Recentemente terminou seu fellowship na Divis\u00e3o de Imunologia e Doen\u00e7as Infecciosas do Departamento de Obstetr\u00edcia e Ginecologia da Faculdade de Medicina da Universidade de Cornell, Nova York, EUA (2013-2014).<\/h5>\n<\/p><\/div>\n<\/p><\/div>\n<p><!-- .dslc-module -->\n\t\t<\/div>\n<\/p><\/div>\n<\/div><\/div>\n<\/div><\/div>","protected":false},"excerpt":{"rendered":"<p>Os Autores Paulo Cesar Giraldo Ver curr\u00edculo lattes Professor Titular de Ginecologia do Departamento de Tocoginecologia da Universidade Estadual de Campinas (Unicamp) desde 2010. Iniciou sua carreira universit\u00e1ria em 1983 ap\u00f3s graduar-se em Medicina na mesma institui\u00e7\u00e3o, onde cursou tamb\u00e9m sua resid\u00eancia m\u00e9dica em Ginecologia e Obstetr\u00edcia (1979) e o doutoramento em 1990. Realizou P\u00f3s-Doutorado [&hellip;]<\/p>\n","protected":false},"author":1,"featured_media":0,"parent":0,"menu_order":0,"comment_status":"closed","ping_status":"closed","template":"","meta":{"footnotes":""},"class_list":["post-8","page","type-page","status-publish","hentry"],"_links":{"self":[{"href":"https:\/\/higienegenitalfeminina.com.br\/index.php\/wp-json\/wp\/v2\/pages\/8","targetHints":{"allow":["GET"]}}],"collection":[{"href":"https:\/\/higienegenitalfeminina.com.br\/index.php\/wp-json\/wp\/v2\/pages"}],"about":[{"href":"https:\/\/higienegenitalfeminina.com.br\/index.php\/wp-json\/wp\/v2\/types\/page"}],"author":[{"embeddable":true,"href":"https:\/\/higienegenitalfeminina.com.br\/index.php\/wp-json\/wp\/v2\/users\/1"}],"replies":[{"embeddable":true,"href":"https:\/\/higienegenitalfeminina.com.br\/index.php\/wp-json\/wp\/v2\/comments?post=8"}],"version-history":[{"count":1,"href":"https:\/\/higienegenitalfeminina.com.br\/index.php\/wp-json\/wp\/v2\/pages\/8\/revisions"}],"predecessor-version":[{"id":9,"href":"https:\/\/higienegenitalfeminina.com.br\/index.php\/wp-json\/wp\/v2\/pages\/8\/revisions\/9"}],"wp:attachment":[{"href":"https:\/\/higienegenitalfeminina.com.br\/index.php\/wp-json\/wp\/v2\/media?parent=8"}],"curies":[{"name":"wp","href":"https:\/\/api.w.org\/{rel}","templated":true}]}}